{"id":178,"date":"2025-05-02T09:32:21","date_gmt":"2025-05-02T09:32:21","guid":{"rendered":"https:\/\/oldjavacoffee.co.uk\/?post_type=product&#038;p=178"},"modified":"2025-11-25T15:58:25","modified_gmt":"2025-11-25T15:58:25","slug":"178","status":"publish","type":"product","link":"https:\/\/oldjavacoffee.co.uk\/?product=178","title":{"rendered":"sample-test"},"content":{"rendered":"","protected":false},"excerpt":{"rendered":"<p><span style=\"vertical-align: inherit;\"><span style=\"vertical-align: inherit;\">1 kg \u2013 Y\u00fcksek Hacim (Ev, Ofis, Ma\u011faza)<\/span><\/span><\/p>\n<p><span style=\"vertical-align: inherit;\"><span style=\"vertical-align: inherit;\">Espresso i\u00e7in \u00f6nerilir.<\/span><\/span><\/p>\n<p><span style=\"vertical-align: inherit;\"><span style=\"vertical-align: inherit;\">Bu \u00f6zel \u00e7al\u0131\u015fma, uzun zamand\u0131r Kahve Kavurma \u00f6zg\u00fcnl\u00fc\u011f\u00fcm\u00fczde \u00f6ne \u00e7\u0131kan ve Barista deneyimlerimizde kulland\u0131\u011f\u0131m\u0131z profilin t\u00fcm alt yap\u0131lar\u0131n\u0131 i\u00e7eriyor. Aroma ve g\u00f6vde uyumunun g\u00f6zetildi\u011fi bu \u00fcr\u00fcnde, damakta orta g\u00f6vdeli ve kal\u0131c\u0131 elementleri sevenler i\u00e7in bir\u00e7ok \u015fey var. Dengeli bir kavurma profiliyle \u00e7\u00f6z\u00fclen bu \u00e7ekirdek, orta g\u00f6vdesi, parlak biti\u015fi ve kremsi yap\u0131s\u0131 sayesinde s\u00fctl\u00fc i\u00e7eceklerle tropikal bir uyuma sahip<\/span><\/span><\/p>\n<p><span style=\"vertical-align: inherit;\"><span style=\"vertical-align: inherit;\">Tad\u0131m \u00c7ikolata ve kakao komplekslerinin belirgin tat notalar\u0131 fincanda kendini hissettirir. Kahveyi ba\u015ftan sona \u00e7evreleyen f\u0131nd\u0131k aromalar\u0131yla i\u00e7ece\u011fe farkl\u0131 bir tat ve dokunu\u015f katar. Yumu\u015fak ve orta dengeli bu kahvemiz bir\u00e7ok espresso men\u00fcs\u00fc i\u00e7in harika bir \u00e7\u00f6z\u00fcm sunar<\/span><\/span><\/p>\n","protected":false},"featured_media":0,"comment_status":"closed","ping_status":"closed","template":"","meta":[],"wpc-collection":[19,20],"product_brand":[],"product_cat":[47,15,48],"product_tag":[],"class_list":{"0":"post-178","1":"product","2":"type-product","3":"status-publish","5":"wpc-collection-espresso","6":"wpc-collection-filter","7":"product_cat-coffee","8":"product_cat-espresso","9":"product_cat-filter","11":"first","12":"outofstock","13":"taxable","14":"shipping-taxable","15":"purchasable","16":"product-type-simple"},"yoast_head":"<!-- This site is optimized with the Yoast SEO plugin v27.4 - https:\/\/yoast.com\/product\/yoast-seo-wordpress\/ -->\n<title>sample-test - Old Java Coffee Roasters<\/title>\n<meta name=\"robots\" content=\"index, follow, max-snippet:-1, max-image-preview:large, max-video-preview:-1\" \/>\n<link rel=\"canonical\" href=\"https:\/\/oldjavacoffee.co.uk\/?product=178\" \/>\n<meta property=\"og:locale\" content=\"en_US\" \/>\n<meta property=\"og:type\" content=\"article\" \/>\n<meta property=\"og:title\" content=\"sample-test - Old Java Coffee Roasters\" \/>\n<meta property=\"og:description\" content=\"1 kg \u2013 Y\u00fcksek Hacim (Ev, Ofis, Ma\u011faza)  Espresso i\u00e7in \u00f6nerilir.  Bu \u00f6zel \u00e7al\u0131\u015fma, uzun zamand\u0131r Kahve Kavurma \u00f6zg\u00fcnl\u00fc\u011f\u00fcm\u00fczde \u00f6ne \u00e7\u0131kan ve Barista deneyimlerimizde kulland\u0131\u011f\u0131m\u0131z profilin t\u00fcm alt yap\u0131lar\u0131n\u0131 i\u00e7eriyor. Aroma ve g\u00f6vde uyumunun g\u00f6zetildi\u011fi bu \u00fcr\u00fcnde, damakta orta g\u00f6vdeli ve kal\u0131c\u0131 elementleri sevenler i\u00e7in bir\u00e7ok \u015fey var. Dengeli bir kavurma profiliyle \u00e7\u00f6z\u00fclen bu \u00e7ekirdek, orta g\u00f6vdesi, parlak biti\u015fi ve kremsi yap\u0131s\u0131 sayesinde s\u00fctl\u00fc i\u00e7eceklerle tropikal bir uyuma sahip  Tad\u0131m \u00c7ikolata ve kakao komplekslerinin belirgin tat notalar\u0131 fincanda kendini hissettirir. Kahveyi ba\u015ftan sona \u00e7evreleyen f\u0131nd\u0131k aromalar\u0131yla i\u00e7ece\u011fe farkl\u0131 bir tat ve dokunu\u015f katar. Yumu\u015fak ve orta dengeli bu kahvemiz bir\u00e7ok espresso men\u00fcs\u00fc i\u00e7in harika bir \u00e7\u00f6z\u00fcm sunar\" \/>\n<meta property=\"og:url\" content=\"https:\/\/oldjavacoffee.co.uk\/?product=178\" \/>\n<meta property=\"og:site_name\" content=\"Old Java Coffee Roasters\" \/>\n<meta property=\"article:modified_time\" content=\"2025-11-25T15:58:25+00:00\" \/>\n<meta name=\"twitter:card\" content=\"summary_large_image\" \/>\n<script type=\"application\/ld+json\" class=\"yoast-schema-graph\">{\"@context\":\"https:\\\/\\\/schema.org\",\"@graph\":[{\"@type\":\"WebPage\",\"@id\":\"https:\\\/\\\/oldjavacoffee.co.uk\\\/?product=178\",\"url\":\"https:\\\/\\\/oldjavacoffee.co.uk\\\/?product=178\",\"name\":\"sample-test - Old Java Coffee Roasters\",\"isPartOf\":{\"@id\":\"https:\\\/\\\/oldjavacoffee.co.uk\\\/#website\"},\"datePublished\":\"2025-05-02T09:32:21+00:00\",\"dateModified\":\"2025-11-25T15:58:25+00:00\",\"breadcrumb\":{\"@id\":\"https:\\\/\\\/oldjavacoffee.co.uk\\\/?product=178#breadcrumb\"},\"inLanguage\":\"en-US\",\"potentialAction\":[{\"@type\":\"ReadAction\",\"target\":[\"https:\\\/\\\/oldjavacoffee.co.uk\\\/?product=178\"]}]},{\"@type\":\"BreadcrumbList\",\"@id\":\"https:\\\/\\\/oldjavacoffee.co.uk\\\/?product=178#breadcrumb\",\"itemListElement\":[{\"@type\":\"ListItem\",\"position\":1,\"name\":\"\u0391\u03c1\u03c7\u03b9\u03ba\u03ae\",\"item\":\"https:\\\/\\\/oldjavacoffee.co.uk\\\/\"},{\"@type\":\"ListItem\",\"position\":2,\"name\":\"Shop\",\"item\":\"https:\\\/\\\/oldjavacoffee.co.uk\\\/?page_id=6\"},{\"@type\":\"ListItem\",\"position\":3,\"name\":\"sample-test\"}]},{\"@type\":\"WebSite\",\"@id\":\"https:\\\/\\\/oldjavacoffee.co.uk\\\/#website\",\"url\":\"https:\\\/\\\/oldjavacoffee.co.uk\\\/\",\"name\":\"Old Java Coffee Roasters\",\"description\":\"Quality Coffee Beans\",\"publisher\":{\"@id\":\"https:\\\/\\\/oldjavacoffee.co.uk\\\/#organization\"},\"potentialAction\":[{\"@type\":\"SearchAction\",\"target\":{\"@type\":\"EntryPoint\",\"urlTemplate\":\"https:\\\/\\\/oldjavacoffee.co.uk\\\/?s={search_term_string}\"},\"query-input\":{\"@type\":\"PropertyValueSpecification\",\"valueRequired\":true,\"valueName\":\"search_term_string\"}}],\"inLanguage\":\"en-US\"},{\"@type\":\"Organization\",\"@id\":\"https:\\\/\\\/oldjavacoffee.co.uk\\\/#organization\",\"name\":\"Old Java Coffee Roasters\",\"url\":\"https:\\\/\\\/oldjavacoffee.co.uk\\\/\",\"logo\":{\"@type\":\"ImageObject\",\"inLanguage\":\"en-US\",\"@id\":\"https:\\\/\\\/oldjavacoffee.co.uk\\\/#\\\/schema\\\/logo\\\/image\\\/\",\"url\":\"https:\\\/\\\/oldjavacoffee.co.uk\\\/wp-content\\\/uploads\\\/2025\\\/02\\\/WEB-LOGO-F2F0E0-e1731135227555.jpg\",\"contentUrl\":\"https:\\\/\\\/oldjavacoffee.co.uk\\\/wp-content\\\/uploads\\\/2025\\\/02\\\/WEB-LOGO-F2F0E0-e1731135227555.jpg\",\"width\":700,\"height\":223,\"caption\":\"Old Java Coffee Roasters\"},\"image\":{\"@id\":\"https:\\\/\\\/oldjavacoffee.co.uk\\\/#\\\/schema\\\/logo\\\/image\\\/\"}}]}<\/script>\n<!-- \/ Yoast SEO plugin. -->","yoast_head_json":{"title":"sample-test - Old Java Coffee Roasters","robots":{"index":"index","follow":"follow","max-snippet":"max-snippet:-1","max-image-preview":"max-image-preview:large","max-video-preview":"max-video-preview:-1"},"canonical":"https:\/\/oldjavacoffee.co.uk\/?product=178","og_locale":"en_US","og_type":"article","og_title":"sample-test - Old Java Coffee Roasters","og_description":"1 kg \u2013 Y\u00fcksek Hacim (Ev, Ofis, Ma\u011faza)  Espresso i\u00e7in \u00f6nerilir.  Bu \u00f6zel \u00e7al\u0131\u015fma, uzun zamand\u0131r Kahve Kavurma \u00f6zg\u00fcnl\u00fc\u011f\u00fcm\u00fczde \u00f6ne \u00e7\u0131kan ve Barista deneyimlerimizde kulland\u0131\u011f\u0131m\u0131z profilin t\u00fcm alt yap\u0131lar\u0131n\u0131 i\u00e7eriyor. Aroma ve g\u00f6vde uyumunun g\u00f6zetildi\u011fi bu \u00fcr\u00fcnde, damakta orta g\u00f6vdeli ve kal\u0131c\u0131 elementleri sevenler i\u00e7in bir\u00e7ok \u015fey var. Dengeli bir kavurma profiliyle \u00e7\u00f6z\u00fclen bu \u00e7ekirdek, orta g\u00f6vdesi, parlak biti\u015fi ve kremsi yap\u0131s\u0131 sayesinde s\u00fctl\u00fc i\u00e7eceklerle tropikal bir uyuma sahip  Tad\u0131m \u00c7ikolata ve kakao komplekslerinin belirgin tat notalar\u0131 fincanda kendini hissettirir. Kahveyi ba\u015ftan sona \u00e7evreleyen f\u0131nd\u0131k aromalar\u0131yla i\u00e7ece\u011fe farkl\u0131 bir tat ve dokunu\u015f katar. Yumu\u015fak ve orta dengeli bu kahvemiz bir\u00e7ok espresso men\u00fcs\u00fc i\u00e7in harika bir \u00e7\u00f6z\u00fcm sunar","og_url":"https:\/\/oldjavacoffee.co.uk\/?product=178","og_site_name":"Old Java Coffee Roasters","article_modified_time":"2025-11-25T15:58:25+00:00","twitter_card":"summary_large_image","schema":{"@context":"https:\/\/schema.org","@graph":[{"@type":"WebPage","@id":"https:\/\/oldjavacoffee.co.uk\/?product=178","url":"https:\/\/oldjavacoffee.co.uk\/?product=178","name":"sample-test - Old Java Coffee Roasters","isPartOf":{"@id":"https:\/\/oldjavacoffee.co.uk\/#website"},"datePublished":"2025-05-02T09:32:21+00:00","dateModified":"2025-11-25T15:58:25+00:00","breadcrumb":{"@id":"https:\/\/oldjavacoffee.co.uk\/?product=178#breadcrumb"},"inLanguage":"en-US","potentialAction":[{"@type":"ReadAction","target":["https:\/\/oldjavacoffee.co.uk\/?product=178"]}]},{"@type":"BreadcrumbList","@id":"https:\/\/oldjavacoffee.co.uk\/?product=178#breadcrumb","itemListElement":[{"@type":"ListItem","position":1,"name":"\u0391\u03c1\u03c7\u03b9\u03ba\u03ae","item":"https:\/\/oldjavacoffee.co.uk\/"},{"@type":"ListItem","position":2,"name":"Shop","item":"https:\/\/oldjavacoffee.co.uk\/?page_id=6"},{"@type":"ListItem","position":3,"name":"sample-test"}]},{"@type":"WebSite","@id":"https:\/\/oldjavacoffee.co.uk\/#website","url":"https:\/\/oldjavacoffee.co.uk\/","name":"Old Java Coffee Roasters","description":"Quality Coffee Beans","publisher":{"@id":"https:\/\/oldjavacoffee.co.uk\/#organization"},"potentialAction":[{"@type":"SearchAction","target":{"@type":"EntryPoint","urlTemplate":"https:\/\/oldjavacoffee.co.uk\/?s={search_term_string}"},"query-input":{"@type":"PropertyValueSpecification","valueRequired":true,"valueName":"search_term_string"}}],"inLanguage":"en-US"},{"@type":"Organization","@id":"https:\/\/oldjavacoffee.co.uk\/#organization","name":"Old Java Coffee Roasters","url":"https:\/\/oldjavacoffee.co.uk\/","logo":{"@type":"ImageObject","inLanguage":"en-US","@id":"https:\/\/oldjavacoffee.co.uk\/#\/schema\/logo\/image\/","url":"https:\/\/oldjavacoffee.co.uk\/wp-content\/uploads\/2025\/02\/WEB-LOGO-F2F0E0-e1731135227555.jpg","contentUrl":"https:\/\/oldjavacoffee.co.uk\/wp-content\/uploads\/2025\/02\/WEB-LOGO-F2F0E0-e1731135227555.jpg","width":700,"height":223,"caption":"Old Java Coffee Roasters"},"image":{"@id":"https:\/\/oldjavacoffee.co.uk\/#\/schema\/logo\/image\/"}}]}},"jetpack_sharing_enabled":true,"_links":{"self":[{"href":"https:\/\/oldjavacoffee.co.uk\/index.php?rest_route=\/wp\/v2\/product\/178","targetHints":{"allow":["GET"]}}],"collection":[{"href":"https:\/\/oldjavacoffee.co.uk\/index.php?rest_route=\/wp\/v2\/product"}],"about":[{"href":"https:\/\/oldjavacoffee.co.uk\/index.php?rest_route=\/wp\/v2\/types\/product"}],"replies":[{"embeddable":true,"href":"https:\/\/oldjavacoffee.co.uk\/index.php?rest_route=%2Fwp%2Fv2%2Fcomments&post=178"}],"wp:attachment":[{"href":"https:\/\/oldjavacoffee.co.uk\/index.php?rest_route=%2Fwp%2Fv2%2Fmedia&parent=178"}],"wp:term":[{"taxonomy":"wpc-collection","embeddable":true,"href":"https:\/\/oldjavacoffee.co.uk\/index.php?rest_route=%2Fwp%2Fv2%2Fwpc-collection&post=178"},{"taxonomy":"product_brand","embeddable":true,"href":"https:\/\/oldjavacoffee.co.uk\/index.php?rest_route=%2Fwp%2Fv2%2Fproduct_brand&post=178"},{"taxonomy":"product_cat","embeddable":true,"href":"https:\/\/oldjavacoffee.co.uk\/index.php?rest_route=%2Fwp%2Fv2%2Fproduct_cat&post=178"},{"taxonomy":"product_tag","embeddable":true,"href":"https:\/\/oldjavacoffee.co.uk\/index.php?rest_route=%2Fwp%2Fv2%2Fproduct_tag&post=178"}],"curies":[{"name":"wp","href":"https:\/\/api.w.org\/{rel}","templated":true}]}}